{"id":673,"date":"2023-11-24T02:49:36","date_gmt":"2023-11-24T02:49:36","guid":{"rendered":"https:\/\/flyingobjects.tech\/?page_id=673"},"modified":"2024-02-28T09:52:55","modified_gmt":"2024-02-28T09:52:55","slug":"technologies-dobjets-volants-dentreprise","status":"publish","type":"page","link":"https:\/\/flyingobjects.tech\/fr\/technologies-dobjets-volants-dentreprise\/","title":{"rendered":"Entreprise"},"content":{"rendered":"<div data-elementor-type=\"wp-page\" data-elementor-id=\"673\" class=\"elementor elementor-673\" data-elementor-post-type=\"page\">\n\t\t\t\t\t\t<section class=\"elementor-section elementor-top-section elementor-element elementor-element-cd18f8a elementor-section-height-min-height elementor-section-content-middle elementor-section-boxed elementor-section-height-default elementor-section-items-middle wpr-particle-no wpr-jarallax-no wpr-parallax-no wpr-sticky-section-no\" data-id=\"cd18f8a\" data-element_type=\"section\" data-settings=\"{&quot;background_background&quot;:&quot;classic&quot;}\">\n\t\t\t\t\t\t<div class=\"elementor-container elementor-column-gap-default\">\n\t\t\t\t\t<div class=\"elementor-column elementor-col-100 elementor-top-column elementor-element elementor-element-ffae214\" data-id=\"ffae214\" data-element_type=\"column\">\n\t\t\t<div class=\"elementor-widget-wrap elementor-element-populated\">\n\t\t\t\t\t\t<div class=\"elementor-element elementor-element-2234524 elementor-widget elementor-widget-heading\" data-id=\"2234524\" data-element_type=\"widget\" data-widget_type=\"heading.default\">\n\t\t\t\t<div class=\"elementor-widget-container\">\n\t\t\t\t\t<h2 class=\"elementor-heading-title elementor-size-default\">TECHNOLOGIES D&#039;OBJETS VOLANTS<\/h2>\t\t\t\t<\/div>\n\t\t\t\t<\/div>\n\t\t\t\t\t<\/div>\n\t\t<\/div>\n\t\t\t\t\t<\/div>\n\t\t<\/section>\n\t\t\t\t<section class=\"elementor-section elementor-top-section elementor-element elementor-element-ad20d0f elementor-section-content-middle elementor-section-boxed elementor-section-height-default elementor-section-height-default wpr-particle-no wpr-jarallax-no wpr-parallax-no wpr-sticky-section-no\" data-id=\"ad20d0f\" data-element_type=\"section\" data-settings=\"{&quot;background_background&quot;:&quot;classic&quot;}\">\n\t\t\t\t\t\t<div class=\"elementor-container elementor-column-gap-default\">\n\t\t\t\t\t<div class=\"elementor-column elementor-col-100 elementor-top-column elementor-element elementor-element-7c25998\" data-id=\"7c25998\" data-element_type=\"column\">\n\t\t\t<div class=\"elementor-widget-wrap elementor-element-populated\">\n\t\t\t\t\t\t<section class=\"elementor-section elementor-inner-section elementor-element elementor-element-150b801 elementor-section-content-middle elementor-section-boxed elementor-section-height-default elementor-section-height-default wpr-particle-no wpr-jarallax-no wpr-parallax-no wpr-sticky-section-no\" data-id=\"150b801\" data-element_type=\"section\">\n\t\t\t\t\t\t<div class=\"elementor-container elementor-column-gap-default\">\n\t\t\t\t\t<div class=\"elementor-column elementor-col-50 elementor-inner-column elementor-element elementor-element-d30a518\" data-id=\"d30a518\" data-element_type=\"column\">\n\t\t\t<div class=\"elementor-widget-wrap elementor-element-populated\">\n\t\t\t\t\t\t<div class=\"elementor-element elementor-element-9556393 elementor-widget elementor-widget-heading\" data-id=\"9556393\" data-element_type=\"widget\" data-widget_type=\"heading.default\">\n\t\t\t\t<div class=\"elementor-widget-container\">\n\t\t\t\t\t<h2 class=\"elementor-heading-title elementor-size-default\">Entreprise \n<br><\/h2>\t\t\t\t<\/div>\n\t\t\t\t<\/div>\n\t\t\t\t<div class=\"elementor-element elementor-element-5ba8bfa elementor-widget elementor-widget-text-editor\" data-id=\"5ba8bfa\" data-element_type=\"widget\" data-widget_type=\"text-editor.default\">\n\t\t\t\t<div class=\"elementor-widget-container\">\n\t\t\t\t\t\t\t\t\t<p><br><\/p><p>Flying Objects Technologies est une entreprise compos\u00e9e d&#039;une \u00e9quipe de dirigeants a\u00e9rospatiaux chevronn\u00e9s poss\u00e9dant une solide exp\u00e9rience dans les secteurs de la d\u00e9fense et du civil. Notre objectif est d&#039;offrir des solutions de pointe aux fabricants de drones.<\/p>\n<p>Sp\u00e9cialis\u00e9s dans les syst\u00e8mes de communication, de navigation et de surveillance tels que la navigation GNSS refus\u00e9e et le mode 5 de la norme OTAN IFF (Identification Friend or Foe), ainsi que dans les syst\u00e8mes de liaison de donn\u00e9es avanc\u00e9s, nous apportons directement aux fabricants europ\u00e9ens une technologie de pointe provenant du monde entier.<\/p>\n<p>Notre engagement ne r\u00e9side pas seulement dans la livraison de produits, mais dans la fourniture de solutions int\u00e9gr\u00e9es compl\u00e8tes avec notre expertise et notre support. Notre objectif est de propulser l\u2019industrie des drones vers l\u2019avant gr\u00e2ce \u00e0 la meilleure technologie disponible au monde.<\/p>\n<p>Rejoignez-nous chez Flying Objects Technologies alors que nous red\u00e9finissons les normes de la technologie des drones en Europe, garantissant un avenir d&#039;innovation et d&#039;excellence.<\/p>\n<p><\/p>\t\t\t\t\t\t\t\t<\/div>\n\t\t\t\t<\/div>\n\t\t\t\t<div class=\"elementor-element elementor-element-794bedf elementor-button-info elementor-widget elementor-widget-button\" data-id=\"794bedf\" data-element_type=\"widget\" data-widget_type=\"button.default\">\n\t\t\t\t<div class=\"elementor-widget-container\">\n\t\t\t\t\t\t\t\t\t<div class=\"elementor-button-wrapper\">\n\t\t\t\t\t<a class=\"elementor-button elementor-button-link elementor-size-sm\" href=\"https:\/\/flyingobjects.tech\/fr\/contactez-nous\/\" target=\"_blank\">\n\t\t\t\t\t\t<span class=\"elementor-button-content-wrapper\">\n\t\t\t\t\t\t\t\t\t<span class=\"elementor-button-text\">Contactez-nous<\/span>\n\t\t\t\t\t<\/span>\n\t\t\t\t\t<\/a>\n\t\t\t\t<\/div>\n\t\t\t\t\t\t\t\t<\/div>\n\t\t\t\t<\/div>\n\t\t\t\t\t<\/div>\n\t\t<\/div>\n\t\t\t\t<div class=\"elementor-column elementor-col-50 elementor-inner-column elementor-element elementor-element-1c9c08a\" data-id=\"1c9c08a\" data-element_type=\"column\">\n\t\t\t<div class=\"elementor-widget-wrap elementor-element-populated\">\n\t\t\t\t\t\t<div class=\"elementor-element elementor-element-06b2fc6 elementor-widget elementor-widget-image\" data-id=\"06b2fc6\" data-element_type=\"widget\" data-widget_type=\"image.default\">\n\t\t\t\t<div class=\"elementor-widget-container\">\n\t\t\t\t\t\t\t\t\t\t\t\t\t\t\t<img fetchpriority=\"high\" decoding=\"async\" width=\"1024\" height=\"446\" src=\"https:\/\/i0.wp.com\/flyingobjects.tech\/wp-content\/uploads\/2023\/12\/Screenshot-2023-12-12-at-09.06.42.png?fit=1024%2C446&amp;ssl=1\" class=\"attachment-large size-large wp-image-1296\" alt=\"\" srcset=\"https:\/\/i0.wp.com\/flyingobjects.tech\/wp-content\/uploads\/2023\/12\/Screenshot-2023-12-12-at-09.06.42.png?w=2114&amp;ssl=1 2114w, https:\/\/i0.wp.com\/flyingobjects.tech\/wp-content\/uploads\/2023\/12\/Screenshot-2023-12-12-at-09.06.42.png?resize=300%2C131&amp;ssl=1 300w, https:\/\/i0.wp.com\/flyingobjects.tech\/wp-content\/uploads\/2023\/12\/Screenshot-2023-12-12-at-09.06.42.png?resize=1024%2C446&amp;ssl=1 1024w, https:\/\/i0.wp.com\/flyingobjects.tech\/wp-content\/uploads\/2023\/12\/Screenshot-2023-12-12-at-09.06.42.png?resize=768%2C334&amp;ssl=1 768w, https:\/\/i0.wp.com\/flyingobjects.tech\/wp-content\/uploads\/2023\/12\/Screenshot-2023-12-12-at-09.06.42.png?resize=1536%2C668&amp;ssl=1 1536w, https:\/\/i0.wp.com\/flyingobjects.tech\/wp-content\/uploads\/2023\/12\/Screenshot-2023-12-12-at-09.06.42.png?resize=2048%2C891&amp;ssl=1 2048w\" sizes=\"(max-width: 1024px) 100vw, 1024px\" \/>\t\t\t\t\t\t\t\t\t\t\t\t\t\t\t<\/div>\n\t\t\t\t<\/div>\n\t\t\t\t<div class=\"elementor-element elementor-element-0870eac elementor-widget elementor-widget-image\" data-id=\"0870eac\" data-element_type=\"widget\" data-widget_type=\"image.default\">\n\t\t\t\t<div class=\"elementor-widget-container\">\n\t\t\t\t\t\t\t\t\t\t\t\t\t\t\t<img decoding=\"async\" width=\"739\" height=\"415\" src=\"https:\/\/i0.wp.com\/flyingobjects.tech\/wp-content\/uploads\/2024\/02\/866EBEBF-A4E2-4001-B5D8-1BA6D3E1A492.jpeg?fit=739%2C415&amp;ssl=1\" class=\"attachment-large size-large wp-image-1764\" alt=\"\" srcset=\"https:\/\/i0.wp.com\/flyingobjects.tech\/wp-content\/uploads\/2024\/02\/866EBEBF-A4E2-4001-B5D8-1BA6D3E1A492.jpeg?w=739&amp;ssl=1 739w, https:\/\/i0.wp.com\/flyingobjects.tech\/wp-content\/uploads\/2024\/02\/866EBEBF-A4E2-4001-B5D8-1BA6D3E1A492.jpeg?resize=300%2C168&amp;ssl=1 300w\" sizes=\"(max-width: 739px) 100vw, 739px\" \/>\t\t\t\t\t\t\t\t\t\t\t\t\t\t\t<\/div>\n\t\t\t\t<\/div>\n\t\t\t\t\t<\/div>\n\t\t<\/div>\n\t\t\t\t\t<\/div>\n\t\t<\/section>\n\t\t\t\t\t<\/div>\n\t\t<\/div>\n\t\t\t\t\t<\/div>\n\t\t<\/section>\n\t\t\t\t<section class=\"elementor-section elementor-top-section elementor-element elementor-element-74ffc8de elementor-section-boxed elementor-section-height-default elementor-section-height-default wpr-particle-no wpr-jarallax-no wpr-parallax-no wpr-sticky-section-no\" data-id=\"74ffc8de\" data-element_type=\"section\" id=\"xs_fun_4\" data-settings=\"{&quot;background_background&quot;:&quot;classic&quot;}\">\n\t\t\t\t\t\t<div class=\"elementor-container elementor-column-gap-default\">\n\t\t\t\t\t<div class=\"elementor-column elementor-col-100 elementor-top-column elementor-element elementor-element-5c476a18\" data-id=\"5c476a18\" data-element_type=\"column\">\n\t\t\t<div class=\"elementor-widget-wrap\">\n\t\t\t\t\t\t\t<\/div>\n\t\t<\/div>\n\t\t\t\t\t<\/div>\n\t\t<\/section>\n\t\t\t\t<\/div>","protected":false},"excerpt":{"rendered":"<p>FLYING OBJECTS TECHNOLOGIES Company &nbsp; Flying Objects Technologies is a venture with a team of seasoned aerospace executives with a robust background in defense and civilian sectors. Our target is to offer cutting-edge solutions to drone manufacturers. Specializing in Communication, Navigation and Surveillance systems such as GNSS-Denied Navigation and Mode 5 NATO-standard IFF (Identification Friend or Foe), along with advanced datalink systems, we bring top-tier technology sourced from around the globe directly to European manufacturers. Our commitment does not lie only in delivering products, but in providing complete integrated solutions with our expertise and support. Our goal is to propel the drone industry forward with the very best technology available worldwide. Join us at Flying Objects Technologies as we redefine the standards for drone technology in Europe, ensuring a future of innovation and excellence. Contact Us<\/p>","protected":false},"author":4,"featured_media":0,"parent":0,"menu_order":0,"comment_status":"closed","ping_status":"closed","template":"","meta":{"site-sidebar-layout":"no-sidebar","site-content-layout":"page-builder","ast-site-content-layout":"full-width-container","site-content-style":"unboxed","site-sidebar-style":"unboxed","ast-global-header-display":"","ast-banner-title-visibility":"","ast-main-header-display":"","ast-hfb-above-header-display":"","ast-hfb-below-header-display":"","ast-hfb-mobile-header-display":"","site-post-title":"disabled","ast-breadcrumbs-content":"","ast-featured-img":"disabled","footer-sml-layout":"","theme-transparent-header-meta":"default","adv-header-id-meta":"","stick-header-meta":"","header-above-stick-meta":"","header-main-stick-meta":"","header-below-stick-meta":"","astra-migrate-meta-layouts":"set","ast-page-background-enabled":"default","ast-page-background-meta":{"desktop":{"background-color":"var(--ast-global-color-4)","background-image":"","background-repeat":"repeat","background-position":"center center","background-size":"auto","background-attachment":"scroll","background-type":"","background-media":"","overlay-type":"","overlay-color":"","overlay-gradient":""},"tablet":{"background-color":"","background-image":"","background-repeat":"repeat","background-position":"center center","background-size":"auto","background-attachment":"scroll","background-type":"","background-media":"","overlay-type":"","overlay-color":"","overlay-gradient":""},"mobile":{"background-color":"","background-image":"","background-repeat":"repeat","background-position":"center center","background-size":"auto","background-attachment":"scroll","background-type":"","background-media":"","overlay-type":"","overlay-color":"","overlay-gradient":""}},"ast-content-background-meta":{"desktop":{"background-color":"var(--ast-global-color-5)","background-image":"","background-repeat":"repeat","background-position":"center center","background-size":"auto","background-attachment":"scroll","background-type":"","background-media":"","overlay-type":"","overlay-color":"","overlay-gradient":""},"tablet":{"background-color":"var(--ast-global-color-5)","background-image":"","background-repeat":"repeat","background-position":"center center","background-size":"auto","background-attachment":"scroll","background-type":"","background-media":"","overlay-type":"","overlay-color":"","overlay-gradient":""},"mobile":{"background-color":"var(--ast-global-color-5)","background-image":"","background-repeat":"repeat","background-position":"center center","background-size":"auto","background-attachment":"scroll","background-type":"","background-media":"","overlay-type":"","overlay-color":"","overlay-gradient":""}},"footnotes":""},"class_list":["post-673","page","type-page","status-publish","hentry"],"yoast_head":"<!-- This site is optimized with the Yoast SEO Premium plugin v24.2 (Yoast SEO v26.5) - https:\/\/yoast.com\/wordpress\/plugins\/seo\/ -->\n<title>Company - Flying Objects Technologies<\/title>\n<meta name=\"description\" content=\"Specializing in Communication, Navigation and Surveillance systems such as GNSS-Denied Navigation and Mode 5 NATO-standard IFF (Identification Friend or Foe), along with advanced datalink systems, we bring top-tier technology sourced from around the globe directly to European manufacturers.\" \/>\n<meta name=\"robots\" content=\"index, follow, max-snippet:-1, max-image-preview:large, max-video-preview:-1\" \/>\n<link rel=\"canonical\" href=\"https:\/\/flyingobjects.tech\/fr\/technologies-dobjets-volants-dentreprise\/\" \/>\n<meta property=\"og:locale\" content=\"fr_FR\" \/>\n<meta property=\"og:type\" content=\"article\" \/>\n<meta property=\"og:title\" content=\"Company\" \/>\n<meta property=\"og:description\" content=\"Specializing in Communication, Navigation and Surveillance systems such as GNSS-Denied Navigation and Mode 5 NATO-standard IFF (Identification Friend or Foe), along with advanced datalink systems, we bring top-tier technology sourced from around the globe directly to European manufacturers.\" \/>\n<meta property=\"og:url\" content=\"https:\/\/flyingobjects.tech\/fr\/technologies-dobjets-volants-dentreprise\/\" \/>\n<meta property=\"og:site_name\" content=\"Flying Objects Technologies\" \/>\n<meta property=\"article:modified_time\" content=\"2024-02-28T09:52:55+00:00\" \/>\n<meta property=\"og:image\" content=\"https:\/\/flyingobjects.tech\/wp-content\/uploads\/2023\/12\/Screenshot-2023-12-12-at-09.06.42-1024x446.png\" \/>\n<meta name=\"twitter:card\" content=\"summary_large_image\" \/>\n<meta name=\"twitter:label1\" content=\"Dur\u00e9e de lecture estim\u00e9e\" \/>\n\t<meta name=\"twitter:data1\" content=\"1 minute\" \/>\n<script type=\"application\/ld+json\" class=\"yoast-schema-graph\">{\"@context\":\"https:\/\/schema.org\",\"@graph\":[{\"@type\":\"WebPage\",\"@id\":\"https:\/\/flyingobjects.tech\/en\/company-flying-objects-technologies\/\",\"url\":\"https:\/\/flyingobjects.tech\/en\/company-flying-objects-technologies\/\",\"name\":\"Company - Flying Objects Technologies\",\"isPartOf\":{\"@id\":\"https:\/\/flyingobjects.tech\/en\/#website\"},\"primaryImageOfPage\":{\"@id\":\"https:\/\/flyingobjects.tech\/en\/company-flying-objects-technologies\/#primaryimage\"},\"image\":{\"@id\":\"https:\/\/flyingobjects.tech\/en\/company-flying-objects-technologies\/#primaryimage\"},\"thumbnailUrl\":\"https:\/\/flyingobjects.tech\/wp-content\/uploads\/2023\/12\/Screenshot-2023-12-12-at-09.06.42-1024x446.png\",\"datePublished\":\"2023-11-24T02:49:36+00:00\",\"dateModified\":\"2024-02-28T09:52:55+00:00\",\"description\":\"Specializing in Communication, Navigation and Surveillance systems such as GNSS-Denied Navigation and Mode 5 NATO-standard IFF (Identification Friend or Foe), along with advanced datalink systems, we bring top-tier technology sourced from around the globe directly to European manufacturers.\",\"breadcrumb\":{\"@id\":\"https:\/\/flyingobjects.tech\/en\/company-flying-objects-technologies\/#breadcrumb\"},\"inLanguage\":\"fr-FR\",\"potentialAction\":[{\"@type\":\"ReadAction\",\"target\":[\"https:\/\/flyingobjects.tech\/en\/company-flying-objects-technologies\/\"]}]},{\"@type\":\"ImageObject\",\"inLanguage\":\"fr-FR\",\"@id\":\"https:\/\/flyingobjects.tech\/en\/company-flying-objects-technologies\/#primaryimage\",\"url\":\"https:\/\/flyingobjects.tech\/wp-content\/uploads\/2023\/12\/Screenshot-2023-12-12-at-09.06.42-1024x446.png\",\"contentUrl\":\"https:\/\/flyingobjects.tech\/wp-content\/uploads\/2023\/12\/Screenshot-2023-12-12-at-09.06.42-1024x446.png\"},{\"@type\":\"BreadcrumbList\",\"@id\":\"https:\/\/flyingobjects.tech\/en\/company-flying-objects-technologies\/#breadcrumb\",\"itemListElement\":[{\"@type\":\"ListItem\",\"position\":1,\"name\":\"Home\",\"item\":\"https:\/\/flyingobjects.tech\/\"},{\"@type\":\"ListItem\",\"position\":2,\"name\":\"Company\"}]},{\"@type\":\"WebSite\",\"@id\":\"https:\/\/flyingobjects.tech\/en\/#website\",\"url\":\"https:\/\/flyingobjects.tech\/en\/\",\"name\":\"Flying Objects Technologies\",\"description\":\"Bringing cutting edge UAV technology to the European civil and defence markets\",\"publisher\":{\"@id\":\"https:\/\/flyingobjects.tech\/en\/#organization\"},\"alternateName\":\"Flying Objects Tech\",\"potentialAction\":[{\"@type\":\"SearchAction\",\"target\":{\"@type\":\"EntryPoint\",\"urlTemplate\":\"https:\/\/flyingobjects.tech\/en\/?s={search_term_string}\"},\"query-input\":{\"@type\":\"PropertyValueSpecification\",\"valueRequired\":true,\"valueName\":\"search_term_string\"}}],\"inLanguage\":\"fr-FR\"},{\"@type\":\"Organization\",\"@id\":\"https:\/\/flyingobjects.tech\/en\/#organization\",\"name\":\"Flying Objects Technologies\",\"alternateName\":\"Flying Objects Tech\",\"url\":\"https:\/\/flyingobjects.tech\/en\/\",\"logo\":{\"@type\":\"ImageObject\",\"inLanguage\":\"fr-FR\",\"@id\":\"https:\/\/flyingobjects.tech\/en\/#\/schema\/logo\/image\/\",\"url\":\"https:\/\/flyingobjects.tech\/wp-content\/uploads\/2023\/05\/FOT_Logo_Blue_SqFrame.png\",\"contentUrl\":\"https:\/\/flyingobjects.tech\/wp-content\/uploads\/2023\/05\/FOT_Logo_Blue_SqFrame.png\",\"width\":2000,\"height\":2000,\"caption\":\"Flying Objects Technologies\"},\"image\":{\"@id\":\"https:\/\/flyingobjects.tech\/en\/#\/schema\/logo\/image\/\"},\"sameAs\":[\"https:\/\/www.linkedin.com\/flyingobjectstechnologies\"]}]}<\/script>\n<!-- \/ Yoast SEO Premium plugin. -->","yoast_head_json":{"title":"Entreprise - Technologies des Objets Volants","description":"Sp\u00e9cialis\u00e9s dans les syst\u00e8mes de communication, de navigation et de surveillance tels que la navigation GNSS refus\u00e9e et le mode 5 de la norme OTAN IFF (Identification Friend or Foe), ainsi que dans les syst\u00e8mes de liaison de donn\u00e9es avanc\u00e9s, nous apportons directement aux fabricants europ\u00e9ens une technologie de pointe provenant du monde entier.","robots":{"index":"index","follow":"follow","max-snippet":"max-snippet:-1","max-image-preview":"max-image-preview:large","max-video-preview":"max-video-preview:-1"},"canonical":"https:\/\/flyingobjects.tech\/fr\/technologies-dobjets-volants-dentreprise\/","og_locale":"fr_FR","og_type":"article","og_title":"Company","og_description":"Specializing in Communication, Navigation and Surveillance systems such as GNSS-Denied Navigation and Mode 5 NATO-standard IFF (Identification Friend or Foe), along with advanced datalink systems, we bring top-tier technology sourced from around the globe directly to European manufacturers.","og_url":"https:\/\/flyingobjects.tech\/fr\/technologies-dobjets-volants-dentreprise\/","og_site_name":"Flying Objects Technologies","article_modified_time":"2024-02-28T09:52:55+00:00","og_image":[{"url":"https:\/\/flyingobjects.tech\/wp-content\/uploads\/2023\/12\/Screenshot-2023-12-12-at-09.06.42-1024x446.png","type":"","width":"","height":""}],"twitter_card":"summary_large_image","twitter_misc":{"Dur\u00e9e de lecture estim\u00e9e":"1 minute"},"schema":{"@context":"https:\/\/schema.org","@graph":[{"@type":"WebPage","@id":"https:\/\/flyingobjects.tech\/en\/company-flying-objects-technologies\/","url":"https:\/\/flyingobjects.tech\/en\/company-flying-objects-technologies\/","name":"Entreprise - Technologies des Objets Volants","isPartOf":{"@id":"https:\/\/flyingobjects.tech\/en\/#website"},"primaryImageOfPage":{"@id":"https:\/\/flyingobjects.tech\/en\/company-flying-objects-technologies\/#primaryimage"},"image":{"@id":"https:\/\/flyingobjects.tech\/en\/company-flying-objects-technologies\/#primaryimage"},"thumbnailUrl":"https:\/\/flyingobjects.tech\/wp-content\/uploads\/2023\/12\/Screenshot-2023-12-12-at-09.06.42-1024x446.png","datePublished":"2023-11-24T02:49:36+00:00","dateModified":"2024-02-28T09:52:55+00:00","description":"Sp\u00e9cialis\u00e9s dans les syst\u00e8mes de communication, de navigation et de surveillance tels que la navigation GNSS refus\u00e9e et le mode 5 de la norme OTAN IFF (Identification Friend or Foe), ainsi que dans les syst\u00e8mes de liaison de donn\u00e9es avanc\u00e9s, nous apportons directement aux fabricants europ\u00e9ens une technologie de pointe provenant du monde entier.","breadcrumb":{"@id":"https:\/\/flyingobjects.tech\/en\/company-flying-objects-technologies\/#breadcrumb"},"inLanguage":"fr-FR","potentialAction":[{"@type":"ReadAction","target":["https:\/\/flyingobjects.tech\/en\/company-flying-objects-technologies\/"]}]},{"@type":"ImageObject","inLanguage":"fr-FR","@id":"https:\/\/flyingobjects.tech\/en\/company-flying-objects-technologies\/#primaryimage","url":"https:\/\/flyingobjects.tech\/wp-content\/uploads\/2023\/12\/Screenshot-2023-12-12-at-09.06.42-1024x446.png","contentUrl":"https:\/\/flyingobjects.tech\/wp-content\/uploads\/2023\/12\/Screenshot-2023-12-12-at-09.06.42-1024x446.png"},{"@type":"BreadcrumbList","@id":"https:\/\/flyingobjects.tech\/en\/company-flying-objects-technologies\/#breadcrumb","itemListElement":[{"@type":"ListItem","position":1,"name":"Home","item":"https:\/\/flyingobjects.tech\/"},{"@type":"ListItem","position":2,"name":"Company"}]},{"@type":"WebSite","@id":"https:\/\/flyingobjects.tech\/en\/#website","url":"https:\/\/flyingobjects.tech\/en\/","name":"Technologies des objets volants","description":"Apporter une technologie de pointe en mati\u00e8re de drones aux march\u00e9s europ\u00e9ens civils et de d\u00e9fense","publisher":{"@id":"https:\/\/flyingobjects.tech\/en\/#organization"},"alternateName":"Flying Objects Tech","potentialAction":[{"@type":"SearchAction","target":{"@type":"EntryPoint","urlTemplate":"https:\/\/flyingobjects.tech\/en\/?s={search_term_string}"},"query-input":{"@type":"PropertyValueSpecification","valueRequired":true,"valueName":"search_term_string"}}],"inLanguage":"fr-FR"},{"@type":"Organization","@id":"https:\/\/flyingobjects.tech\/en\/#organization","name":"Technologies des objets volants","alternateName":"Flying Objects Tech","url":"https:\/\/flyingobjects.tech\/en\/","logo":{"@type":"ImageObject","inLanguage":"fr-FR","@id":"https:\/\/flyingobjects.tech\/en\/#\/schema\/logo\/image\/","url":"https:\/\/flyingobjects.tech\/wp-content\/uploads\/2023\/05\/FOT_Logo_Blue_SqFrame.png","contentUrl":"https:\/\/flyingobjects.tech\/wp-content\/uploads\/2023\/05\/FOT_Logo_Blue_SqFrame.png","width":2000,"height":2000,"caption":"Flying Objects Technologies"},"image":{"@id":"https:\/\/flyingobjects.tech\/en\/#\/schema\/logo\/image\/"},"sameAs":["https:\/\/www.linkedin.com\/flyingobjectstechnologies"]}]}},"jetpack_sharing_enabled":true,"_links":{"self":[{"href":"https:\/\/flyingobjects.tech\/fr\/wp-json\/wp\/v2\/pages\/673","targetHints":{"allow":["GET"]}}],"collection":[{"href":"https:\/\/flyingobjects.tech\/fr\/wp-json\/wp\/v2\/pages"}],"about":[{"href":"https:\/\/flyingobjects.tech\/fr\/wp-json\/wp\/v2\/types\/page"}],"author":[{"embeddable":true,"href":"https:\/\/flyingobjects.tech\/fr\/wp-json\/wp\/v2\/users\/4"}],"replies":[{"embeddable":true,"href":"https:\/\/flyingobjects.tech\/fr\/wp-json\/wp\/v2\/comments?post=673"}],"version-history":[{"count":0,"href":"https:\/\/flyingobjects.tech\/fr\/wp-json\/wp\/v2\/pages\/673\/revisions"}],"wp:attachment":[{"href":"https:\/\/flyingobjects.tech\/fr\/wp-json\/wp\/v2\/media?parent=673"}],"curies":[{"name":"wp","href":"https:\/\/api.w.org\/{rel}","templated":true}]}}